{"id":5762,"date":"2016-01-22T02:53:14","date_gmt":"2016-01-22T02:53:14","guid":{"rendered":"http:\/\/www.miguelclaro.com\/wp\/?page_id=5762"},"modified":"2025-09-15T12:24:07","modified_gmt":"2025-09-15T12:24:07","slug":"biografia","status":"publish","type":"page","link":"https:\/\/www.miguelclaro.com\/wp\/biografia\/","title":{"rendered":"Biografia de Miguel Claro"},"content":{"rendered":"<div><a href=\"http:\/\/www.miguelclaro.com\/wp\/wp-content\/uploads\/2012\/12\/MiguelCC_1801-net.jpg\"><br class=\"clear\" \/><img loading=\"lazy\" decoding=\"async\" class=\"alignleft\" src=\"http:\/\/www.miguelclaro.com\/wp\/wp-content\/uploads\/2012\/12\/MiguelCC_1801-net-608x900.jpg\" alt=\"MiguelCC_1801-net\" width=\"273\" height=\"404\" \/><\/a><\/div>\n<div style=\"text-align: justify;\"><span style=\"text-decoration: underline;\"><strong><a href=\"http:\/\/www.miguelclaro.com\/wp\/?page_id=57\">EN<\/a><\/strong><\/span><span style=\"color: #000000;\"> | <strong>PT<\/strong> Miguel Claro nasceu em 1977 no norte de Portugal, vive actualmente em Alqueva, no Alentejo. \u00c9 <a style=\"color: #000000;\" href=\"https:\/\/www.miguelclaro.com\/wp\/wp-content\/uploads\/2024\/09\/Portrait_Telescope_MCIMG_1811.jpg\" target=\"_blank\" rel=\"noopener\">fot\u00f3grafo profissional<\/a>, autor e comunicador de divulga\u00e7\u00e3o cient\u00edfica, promovendo a tem\u00e1tica da Astronomia atrav\u00e9s de palestras p\u00fablicas, sess\u00f5es guiadas de observa\u00e7\u00e3o do c\u00e9u nocturno, artigos, exposi\u00e7\u00f5es de fotografia, workshops e cursos de astrofotografia. Ao longo dos \u00faltimos 10 anos especializou-se na astrofotografia de paisagem ou skyscapes, um conceito que visa a &#8220;uni\u00e3o&#8221; entre o C\u00e9u e a Terra valorizando o patrim\u00f3nio arquitect\u00f3nico, cultural e paisag\u00edstico, e abordando de forma educativa e cient\u00edfica o Universo, que repleto de estrelas, passa despercebido \u00e0 maioria das pessoas. \u00c9 o astrofot\u00f3grafo oficial da Reserva <strong><a style=\"color: #000000;\" href=\"http:\/\/www.darkskyalqueva.com\/\" target=\"_blank\" rel=\"noopener noreferrer\">Dark Sky Alqueva<\/a><\/strong> &#8211; o primeiro destino do mundo certificado como &#8220;Starlight Tourism Destination&#8221;, localizado ao largo do grande lago Alqueva.\u00a0\u00a0\u00c9 Foto <strong><a style=\"color: #000000;\" href=\"http:\/\/www.miguelclaro.com\/wp\/?page_id=4461\" target=\"_blank\" rel=\"noopener noreferrer\">Embaixador do ESO<\/a><\/strong>\u00a0&#8211; European Southern Observatory &#8211; (<a style=\"color: #000000;\" href=\"http:\/\/www.eso.org\/public\/unitedkingdom\/outreach\/partnerships\/photo-ambassadors\/#claro\" target=\"_blank\" rel=\"noopener noreferrer\">ESO Gallery by M.Claro<\/a>), colaborador do site americano\u00a0<strong><a href=\"https:\/\/www.space.com\/author\/miguel-claro\" target=\"_blank\" rel=\"noopener noreferrer\">Space.com<\/a><\/strong>\u00a0e membro <strong><a style=\"color: #000000;\" href=\"http:\/\/www.twanight.org\/\" target=\"_blank\" rel=\"noopener noreferrer\">fot\u00f3grafo do TWAN<\/a><\/strong> (The World at Night) representando Portugal (<a style=\"color: #000000;\" title=\"TWAN Photographer Member Migue Claro\" href=\"http:\/\/www.twanight.org\/claro\" target=\"_blank\" rel=\"noopener noreferrer\">TWAN gallery by MClaro<\/a>). Tem sido j\u00fari em diversos concursos nacionais e internacionais de fotografia nocturna como \u00e9 o caso do <\/span><span style=\"color: #000000;\">\u201c<a style=\"color: #000000;\" href=\"http:\/\/www.photonightscapeawards.com\/\" target=\"_blank\" rel=\"noopener noreferrer\">Photo Nightscape Award &#8211; PNA<\/a>\u201d, que se realiza anualmente em Paris, ou \u201cCapturing the Dark\u201d 2022 da IDA \u2013 International Dark Sky Association, nos EUA. J\u00e1 foi conferencista em duas edi\u00e7\u00f5es <a style=\"color: #000000;\" href=\"http:\/\/www.miguelclaro.com\/wp\/?cat=675\">TEDx <\/a>realizadas em Lisboa e Caldas da Rainha, e no\u00a0<strong><a style=\"color: #000000;\" href=\"http:\/\/www.cedic.at\/index.html\">CEDIC\u00b417<\/a> <\/strong>&#8220;Central European Deepsky Imaging Conference&#8221; na \u00c1ustria. Colabora regularmente com a revista National Geographic Portugal, Astronomy magazine (EUA), Astronomy Now (Reino Unido) e Ciel et Espace (France).<\/span><\/div>\n<div style=\"text-align: justify;\"><span style=\"color: #000000;\">\u00a0<\/span><\/div>\n<div style=\"text-align: justify;\"><span style=\"color: #000000;\">Membro do projecto de forma\u00e7\u00e3o <strong><a style=\"color: #000000;\" href=\"http:\/\/www.primeiraluz.pt\/\" target=\"_blank\" rel=\"noopener noreferrer\">Primeira Luz<\/a><\/strong>, refer\u00eancia nacional no dom\u00ednio do ensino da fotografia de Paisagem Natural e Astrofotografia, lidera workshops privados e em grupo, cursos e passeios fotogr\u00e1ficos de norte a sul do pa\u00eds e no estrangeiro. \u00c9 autor de dois livros, &#8220;<a style=\"color: #000000;\" href=\"http:\/\/www.miguelclaro.com\/wp\/?page_id=1244\">Astrofotografia &#8211; Imagens \u00e0 luz das estrelas&#8221;<\/a> e &#8220;<a style=\"color: #000000;\" href=\"http:\/\/www.miguelclaro.com\/wp\/?page_id=4688\">Dark Sky Alqueva &#8211; O Destino das Estrelas \/ A Star Destination<\/a>&#8220;, da editora Centro Atl\u00e2ntico. As suas imagens est\u00e3o <a style=\"color: #000000;\" href=\"http:\/\/www.miguelclaro.com\/wp\/?page_id=4015\" target=\"_blank\" rel=\"noopener noreferrer\">dispon\u00edveis para venda<\/a> directamente neste website na Loja de Impress\u00e3o <a href=\"http:\/\/www.miguelclaro.com\/wp\/?page_id=5854\" target=\"_blank\" rel=\"noopener noreferrer\">&#8220;Fine Art Prints&#8221;<\/a>, e ainda atrav\u00e9s da ag\u00eancia de imagens\u00a0<span style=\"color: #333333;\"><a style=\"color: #333333;\" href=\"https:\/\/www.sciencephoto.com\/contributor\/mca+m8c?media_type=images\" target=\"_blank\" rel=\"noopener noreferrer\">Science Photo Library<\/a><\/span>\u00a0(UK) e Gallery Astro (Fran\u00e7a). Veja a declara\u00e7\u00e3o de direitos de autor: <a style=\"color: #000000;\" href=\"http:\/\/www.miguelclaro.com\/wp\/?page_id=326\">clique aqui<\/a>. <br class=\"clear\" \/><br class=\"clear\" \/><\/span><span style=\"color: #000000;\">Protagonista de um artigo distinguido como \u201cBest Edit&#8221; na National Geographic, foi vencedor do \u201c<em>Insight Investment Astronomy Photographer of the Year\u00a0<\/em><strong><a href=\"https:\/\/web.archive.org\/web\/20200906005243\/https:\/\/www.rmg.co.uk\/whats-on\/astronomy-photographer-year\/galleries\/2019\/peoples-choice\" target=\"_blank\" rel=\"noopener noreferrer\">People\u2019s Choice Award 2019<\/a><\/strong>\u201d. J\u00e1 teve 4 nomea\u00e7\u00f5es no mesmo concurso, tendo sido distinguido com o pr\u00e9mio &#8220;<strong><a href=\"https:\/\/www.rmg.co.uk\/whats-on\/astronomy-photographer-year\/galleries\/our-moon-2023\" target=\"_blank\" rel=\"noopener\">Highly Commended<\/a><\/strong>&#8221; na categoria &#8220;Our Moon&#8221; no &#8220;<em>Astronomy Photographer of the Year 2023<\/em>&#8221; e como &#8220;<strong><a href=\"https:\/\/www.rmg.co.uk\/whats-on\/astronomy-photographer-year\/galleries\/our-sun-2022?_ga=2.9199093.1354737060.1663242413-1564590345.1646303297&amp;_gl=1*1g7cph*_ga*MTU2NDU5MDM0NS4xNjQ2MzAzMjk3*_ga_7JJ3J5DBF6*MTY2MzMyMDg3Ny45LjEuMTY2MzMyMDg5MS4wLjAuMA..\" target=\"_blank\" rel=\"noopener\">Highly Commended<\/a><\/strong>&#8221; na categoria &#8220;Our Sun&#8221; no &#8220;<em>Astronomy Photographer of the Year 2022<\/em>&#8221;\u00a0pelo Royal Observatory of Greenwich, no Reino Unido. Foi um dos vencedores do &#8220;International Earth and Sky Photo Contest &#8211; 2011&#8221;. Em 2017, foi o overall winner do concurso portugu\u00eas de astrofotografia do <strong><a href=\"http:\/\/www.parquebiologico.pt\/doc.php?id=111&amp;PAG=Astronomia\" target=\"_blank\" rel=\"noopener noreferrer\">OAPB.<\/a><\/strong><\/span><\/div>\n<div style=\"text-align: justify;\"><span style=\"color: #000000;\">\u00a0<\/span><\/div>\n<div style=\"text-align: justify;\"><span style=\"color: #000000;\">As suas imagens t\u00eam percorrido o mundo e sido publicadas em livros, jornais e nas mais prestigiadas revistas internacionais da especialidade. Em Portugal, o autor j\u00e1 publicou em edi\u00e7\u00f5es como a National Geographic, Vis\u00e3o, Super Interessante, Quero Saber, O Mundo da Fotografia Digital, assim como em diversos jornais de refer\u00eancia como o P\u00fablico, Di\u00e1rio de Not\u00edcias ou Expresso e nas esta\u00e7\u00f5es de televis\u00e3o SIC, RTP e TVI.\u00a0<\/span><\/div>\n<div style=\"text-align: justify;\">\n<p style=\"text-align: justify;\"><span style=\"color: #000000;\">Diversas\u00a0imagens de\u00a0Miguel Claro j\u00e1 foram distinguidas pela\u00a0<strong>NASA<\/strong> como <a href=\"https:\/\/apod.nasa.gov\/apod\/ap220418.html\" target=\"_blank\" rel=\"noopener noreferrer\">APOD &#8211; Astronomy Picture of the Day<\/a> e EPOD &#8211; <a href=\"https:\/\/epod.usra.edu\/blog\/2018\/10\/golden-moon-and-pink-sky-above-niagara-falls.html\" target=\"_blank\" rel=\"noopener noreferrer\">Earth Science Picture of the Day<\/a> .\u00a0<\/span><span style=\"color: #000000;\"><br class=\"clear\" \/><\/span><\/p>\n<p><span style=\"color: #000000;\"><strong>Contactos Profissionais:<\/strong>\u00a0Presentemente\u00a0colabora com diversas institui\u00e7\u00f5es e entidades um pouco por todo o mundo, ligando e promovendo a astronomia e a fotografia nas mais variadas formas. Sinta-se livre para entrar em contacto com\u00a0Miguel Claro\u00a0&#8211; em ingl\u00eas, portugu\u00eas ou espanhol &#8211; para colocar a sua quest\u00e3o ou para apresentar a sua proposta. Pode encomendar a sua fotografia como\u00a0<\/span><a href=\"http:\/\/www.miguelclaro.com\/wp\/?page_id=4015\" target=\"_blank\" rel=\"noopener noreferrer\">&#8220;Fine Art Print&#8221;<\/a><span style=\"color: #000000;\">\u00a0dispon\u00edvel em diversos tamanhos e tipos. Se estiver interessado em requisitar algum servi\u00e7o fotogr\u00e1fico profissional para o sector\u00a0editorial ou particular, existem muitas op\u00e7\u00f5es dispon\u00edveis como: &#8220;Photography Assignments&#8221;, Artigos, Palestras P\u00fablicas, Cursos ou Workshops, em grupo e privado, Livros, etc. Se pretender ainda solicitar uma entrevista para a comunica\u00e7\u00e3o social\/imprensa, seja bem vindo ao formul\u00e1rio de\u00a0<\/span><a href=\"http:\/\/www.miguelclaro.com\/wp\/?page_id=54\" target=\"_blank\" rel=\"noopener noreferrer\">contacto.<br class=\"clear\" \/><br class=\"clear\" \/><\/a><\/p>\n<\/div>\n<hr \/>\n<div style=\"height: 20px;\"><\/div>\n<p><a href=\"https:\/\/www.miguelclaro.com\/wp\/press\/\"><img loading=\"lazy\" decoding=\"async\" class=\"size-full wp-image-314 alignnone\" src=\"http:\/\/www.miguelclaro.com\/wp\/wp-content\/uploads\/2012\/12\/PublicationBioThumbnail.png\" alt=\"Publications-Presentation\" width=\"500\" height=\"333\" \/>\u00a0<\/a><a href=\"http:\/\/www.miguelclaro.com\/wp\/?page_id=5000#Book: Dark Sky Alqueva\" target=\"_blank\" rel=\"noopener noreferrer\"><img loading=\"lazy\" decoding=\"async\" class=\"wp-image-4673 size-full alignright\" src=\"http:\/\/www.miguelclaro.com\/wp\/wp-content\/uploads\/2012\/12\/BlocoLivrosBIO.png\" alt=\"\" width=\"333\" height=\"333\" srcset=\"https:\/\/www.miguelclaro.com\/wp\/wp-content\/uploads\/2012\/12\/BlocoLivrosBIO.png 333w, https:\/\/www.miguelclaro.com\/wp\/wp-content\/uploads\/2012\/12\/BlocoLivrosBIO-150x150.png 150w, https:\/\/www.miguelclaro.com\/wp\/wp-content\/uploads\/2012\/12\/BlocoLivrosBIO-300x300.png 300w, https:\/\/www.miguelclaro.com\/wp\/wp-content\/uploads\/2012\/12\/BlocoLivrosBIO-200x200.png 200w\" sizes=\"auto, (max-width: 333px) 100vw, 333px\" \/><br class=\"clear\" \/><br class=\"clear\" \/><\/a><\/p>\n","protected":false},"excerpt":{"rendered":"<p>EN | PT Miguel Claro nasceu em 1977 no norte de Portugal, vive actualmente em Alqueva, no Alentejo. \u00c9 fot\u00f3grafo profissional, autor e comunicador de divulga\u00e7\u00e3o cient\u00edfica, promovendo a tem\u00e1tica da Astronomia atrav\u00e9s de palestras p\u00fablicas, sess\u00f5es guiadas de observa\u00e7\u00e3o do c\u00e9u nocturno, artigos, exposi\u00e7\u00f5es de fotografia, workshops e cursos de astrofotografia. Ao longo dos [&hellip;]<\/p>\n","protected":false},"author":2,"featured_media":4766,"parent":0,"menu_order":0,"comment_status":"closed","ping_status":"closed","template":"","meta":{"_monsterinsights_skip_tracking":false,"_monsterinsights_sitenote_active":false,"_monsterinsights_sitenote_note":"","_monsterinsights_sitenote_category":0,"footnotes":""},"class_list":["post-5762","page","type-page","status-publish","has-post-thumbnail","hentry"],"_links":{"self":[{"href":"https:\/\/www.miguelclaro.com\/wp\/wp-json\/wp\/v2\/pages\/5762","targetHints":{"allow":["GET"]}}],"collection":[{"href":"https:\/\/www.miguelclaro.com\/wp\/wp-json\/wp\/v2\/pages"}],"about":[{"href":"https:\/\/www.miguelclaro.com\/wp\/wp-json\/wp\/v2\/types\/page"}],"author":[{"embeddable":true,"href":"https:\/\/www.miguelclaro.com\/wp\/wp-json\/wp\/v2\/users\/2"}],"replies":[{"embeddable":true,"href":"https:\/\/www.miguelclaro.com\/wp\/wp-json\/wp\/v2\/comments?post=5762"}],"version-history":[{"count":64,"href":"https:\/\/www.miguelclaro.com\/wp\/wp-json\/wp\/v2\/pages\/5762\/revisions"}],"predecessor-version":[{"id":14481,"href":"https:\/\/www.miguelclaro.com\/wp\/wp-json\/wp\/v2\/pages\/5762\/revisions\/14481"}],"wp:featuredmedia":[{"embeddable":true,"href":"https:\/\/www.miguelclaro.com\/wp\/wp-json\/wp\/v2\/media\/4766"}],"wp:attachment":[{"href":"https:\/\/www.miguelclaro.com\/wp\/wp-json\/wp\/v2\/media?parent=5762"}],"curies":[{"name":"wp","href":"https:\/\/api.w.org\/{rel}","templated":true}]}}